{"id":171,"date":"2025-12-03T15:18:50","date_gmt":"2025-12-03T15:18:50","guid":{"rendered":"https:\/\/enzoheraud.fr\/?page_id=171"},"modified":"2025-12-03T17:22:19","modified_gmt":"2025-12-03T17:22:19","slug":"biographie","status":"publish","type":"page","link":"https:\/\/enzoheraud.fr\/index.php\/biographie\/","title":{"rendered":"Biographie"},"content":{"rendered":"\n<div class=\"wp-block-columns is-layout-flex wp-container-core-columns-is-layout-28f84493 wp-block-columns-is-layout-flex\">\n<div class=\"wp-block-column is-layout-flow wp-block-column-is-layout-flow\" style=\"flex-basis:33.33%\">\n<figure class=\"wp-block-image size-large\"><img loading=\"lazy\" decoding=\"async\" width=\"740\" height=\"1024\" src=\"http:\/\/enzoheraud.fr\/wp-content\/uploads\/2025\/12\/IMG_2350-740x1024.jpeg\" alt=\"\" class=\"wp-image-44\" srcset=\"https:\/\/enzoheraud.fr\/wp-content\/uploads\/2025\/12\/IMG_2350-740x1024.jpeg 740w, https:\/\/enzoheraud.fr\/wp-content\/uploads\/2025\/12\/IMG_2350-217x300.jpeg 217w, https:\/\/enzoheraud.fr\/wp-content\/uploads\/2025\/12\/IMG_2350-768x1063.jpeg 768w, https:\/\/enzoheraud.fr\/wp-content\/uploads\/2025\/12\/IMG_2350-1109x1536.jpeg 1109w, https:\/\/enzoheraud.fr\/wp-content\/uploads\/2025\/12\/IMG_2350-1479x2048.jpeg 1479w, https:\/\/enzoheraud.fr\/wp-content\/uploads\/2025\/12\/IMG_2350-scaled.jpeg 1849w\" sizes=\"auto, (max-width: 740px) 100vw, 740px\" \/><\/figure>\n<\/div>\n\n\n\n<div class=\"wp-block-column is-layout-flow wp-block-column-is-layout-flow\" style=\"flex-basis:66.66%\">\n<h2 class=\"wp-block-heading has-text-color has-link-color wp-elements-f5a412ddee593f35c184233c3151ccad\" style=\"color:#0b0d21\"><mark style=\"background-color:rgba(0, 0, 0, 0)\" class=\"has-inline-color has-ast-global-color-2-color\">Biographie<\/mark><\/h2>\n\n\n\n<p>Enzo Heraud est un artiste peintre, n\u00e9 en 2000 \u00e0 Bordeaux. Il s\u2019int\u00e9resse tr\u00e8s jeune aux arts visuels par le biais du dessin et, plus particuli\u00e8rement, de la bande dessin\u00e9e. Il obtient en 2024 un master aux Beaux-Arts de Tours avec une mention pour son engagement<br>envers la peinture. Sa production est un travail autour de la peinture figurative, autour de la repr\u00e9sentation picturale en atelier. \u00c0 la fois praticien de l\u2019image et de la mati\u00e8re, il fabrique une peinture autant port\u00e9 sur le fond que sur la forme.<br>Les peintures qu\u2019il produit sont majoritairement des huiles sur toile. Ce sont des images qui en g\u00e9n\u00e8rent d\u2019autres, partant d\u2019un r\u00e9cit autobiographique pour s&rsquo;ouvrir \u00e0 un r\u00e9cit plus vaste. Un travail en concat\u00e9nation, soucieux d\u2019honn\u00eatet\u00e9, port\u00e9 par l\u2019humour et la l\u00e9g\u00e8ret\u00e9. Entre anecdotes du quotidien et actualit\u00e9s plus ou moins locales, entre r\u00e9cits personnels et impersonnels, entre visible et invisible, prosa\u00efque et po\u00e9tique.<br>Pour autant, il s&rsquo;agit de peinture. Un travail de sensibilit\u00e9, de la mati\u00e8re appos\u00e9e sur une surface. L\u2019interpr\u00e9tation picturale pouvant faire basculer \u00e0 certains moments la figuration vers autre chose : un glissement, une ouverture, une zone ind\u00e9finie o\u00f9 l\u2019image \u00e9chappe \u00e0 son propre r\u00e9cit. \u00c9galement issu du th\u00e9\u00e2tre, travailler avec une mati\u00e8re qui \u00ab r\u00eave \u00bb d\u2019\u00eatre autre chose lui semblait coh\u00e9rent.<\/p>\n<\/div>\n<\/div>\n\n\n\n<div style=\"height:138px\" aria-hidden=\"true\" class=\"wp-block-spacer\"><\/div>\n\n\n\n<figure class=\"wp-block-image alignwide size-full\"><img loading=\"lazy\" decoding=\"async\" width=\"2560\" height=\"1707\" src=\"http:\/\/enzoheraud.fr\/wp-content\/uploads\/2025\/12\/photo-sextuple-autoportrait-scaled.jpg\" alt=\"\" class=\"wp-image-75\" srcset=\"https:\/\/enzoheraud.fr\/wp-content\/uploads\/2025\/12\/photo-sextuple-autoportrait-scaled.jpg 2560w, https:\/\/enzoheraud.fr\/wp-content\/uploads\/2025\/12\/photo-sextuple-autoportrait-300x200.jpg 300w, https:\/\/enzoheraud.fr\/wp-content\/uploads\/2025\/12\/photo-sextuple-autoportrait-1024x683.jpg 1024w, https:\/\/enzoheraud.fr\/wp-content\/uploads\/2025\/12\/photo-sextuple-autoportrait-768x512.jpg 768w, https:\/\/enzoheraud.fr\/wp-content\/uploads\/2025\/12\/photo-sextuple-autoportrait-1536x1024.jpg 1536w, https:\/\/enzoheraud.fr\/wp-content\/uploads\/2025\/12\/photo-sextuple-autoportrait-2048x1365.jpg 2048w\" sizes=\"auto, (max-width: 2560px) 100vw, 2560px\" \/><\/figure>\n\n\n\n<div class=\"wp-block-columns alignwide are-vertically-aligned-center is-layout-flex wp-container-core-columns-is-layout-28f84493 wp-block-columns-is-layout-flex\">\n<div class=\"wp-block-column is-vertically-aligned-center is-layout-flow wp-block-column-is-layout-flow\">\n<p style=\"line-height:2\"><mark style=\"background-color:rgba(0, 0, 0, 0)\" class=\"has-inline-color has-ast-global-color-6-color\"><strong>\u0152uvres visibles :<\/strong><br><\/mark><a href=\"https:\/\/francois-xavier-bertrand.com\/\"><mark style=\"background-color:rgba(0, 0, 0, 0)\" class=\"has-inline-color has-ast-global-color-2-color\">Fran\u00e7ois Xavier Bertrand \u2013 Maison d\u2019Art <\/mark><\/a><em>au <\/em><em>74 rue du Loup \u2013 33000 Bordeaux<\/em><\/p>\n<\/div>\n\n\n\n<div class=\"wp-block-column is-vertically-aligned-center is-layout-flow wp-block-column-is-layout-flow\">\n<p style=\"line-height:2\"><mark style=\"background-color:rgba(0, 0, 0, 0)\" class=\"has-inline-color has-ast-global-color-6-color\"><strong>Pour toute demande d\u2019information, n\u2019h\u00e9sitez pas \u00e0 me contacter :<\/strong><br><\/mark>E-mail : <a href=\"mailto:heraudenzo0@gmail.com\"><mark style=\"background-color:rgba(0, 0, 0, 0);color:#000000\" class=\"has-inline-color\">heraudenzo0@gmail.com<\/mark><\/a><\/p>\n\n\n\n<p>T\u00e9l\u00e9phone : <a href=\"tel:0788097427\"><mark style=\"background-color:rgba(0, 0, 0, 0)\" class=\"has-inline-color has-ast-global-color-3-color\">07 88 09 74 27<\/mark><\/a><\/p>\n<\/div>\n\n\n\n<div class=\"wp-block-column is-vertically-aligned-center is-layout-flow wp-block-column-is-layout-flow\">\n<div class=\"wp-block-buttons is-layout-flex wp-block-buttons-is-layout-flex\">\n<div class=\"wp-block-button has-custom-width wp-block-button__width-100\"><a class=\"wp-block-button__link has-text-color has-background wp-element-button\" href=\"http:\/\/enzoheraud.fr\/wp-content\/uploads\/2025\/12\/Portfolio-Enzo-Heraud-1.pdf\" style=\"color:#efefef;background-color:#0b0d21\">Portfolio<\/a><\/div>\n<\/div>\n<\/div>\n<\/div>\n","protected":false},"excerpt":{"rendered":"<p>Biographie Enzo Heraud est un artiste peintre, n\u00e9 en 2000 \u00e0 Bordeaux. Il s\u2019int\u00e9resse tr\u00e8s jeune aux arts visuels par [&hellip;]<\/p>\n","protected":false},"author":1,"featured_media":0,"parent":0,"menu_order":0,"comment_status":"closed","ping_status":"closed","template":"","meta":{"site-sidebar-layout":"default","site-content-layout":"","ast-site-content-layout":"default","site-content-style":"default","site-sidebar-style":"default","ast-global-header-display":"","ast-banner-title-visibility":"","ast-main-header-display":"","ast-hfb-above-header-display":"","ast-hfb-below-header-display":"","ast-hfb-mobile-header-display":"","site-post-title":"disabled","ast-breadcrumbs-content":"","ast-featured-img":"","footer-sml-layout":"","ast-disable-related-posts":"","theme-transparent-header-meta":"","adv-header-id-meta":"","stick-header-meta":"","header-above-stick-meta":"","header-main-stick-meta":"","header-below-stick-meta":"","astra-migrate-meta-layouts":"default","ast-page-background-enabled":"default","ast-page-background-meta":{"desktop":{"background-color":"var(--ast-global-color-5)","background-image":"","background-repeat":"repeat","background-position":"center center","background-size":"auto","background-attachment":"scroll","background-type":"","background-media":"","overlay-type":"","overlay-color":"","overlay-opacity":"","overlay-gradient":""},"tablet":{"background-color":"","background-image":"","background-repeat":"repeat","background-position":"center center","background-size":"auto","background-attachment":"scroll","background-type":"","background-media":"","overlay-type":"","overlay-color":"","overlay-opacity":"","overlay-gradient":""},"mobile":{"background-color":"","background-image":"","background-repeat":"repeat","background-position":"center center","background-size":"auto","background-attachment":"scroll","background-type":"","background-media":"","overlay-type":"","overlay-color":"","overlay-opacity":"","overlay-gradient":""}},"ast-content-background-meta":{"desktop":{"background-color":"var(--ast-global-color-4)","background-image":"","background-repeat":"repeat","background-position":"center center","background-size":"auto","background-attachment":"scroll","background-type":"","background-media":"","overlay-type":"","overlay-color":"","overlay-opacity":"","overlay-gradient":""},"tablet":{"background-color":"var(--ast-global-color-4)","background-image":"","background-repeat":"repeat","background-position":"center center","background-size":"auto","background-attachment":"scroll","background-type":"","background-media":"","overlay-type":"","overlay-color":"","overlay-opacity":"","overlay-gradient":""},"mobile":{"background-color":"var(--ast-global-color-4)","background-image":"","background-repeat":"repeat","background-position":"center center","background-size":"auto","background-attachment":"scroll","background-type":"","background-media":"","overlay-type":"","overlay-color":"","overlay-opacity":"","overlay-gradient":""}},"_vp_format_video_url":"","_vp_image_focal_point":[],"footnotes":""},"class_list":["post-171","page","type-page","status-publish","hentry"],"yoast_head":"<!-- This site is optimized with the Yoast SEO plugin v27.0 - https:\/\/yoast.com\/product\/yoast-seo-wordpress\/ -->\n<title>Biographie - Enzo Heraud<\/title>\n<meta name=\"robots\" content=\"index, follow, max-snippet:-1, max-image-preview:large, max-video-preview:-1\" \/>\n<link rel=\"canonical\" href=\"https:\/\/enzoheraud.fr\/index.php\/biographie\/\" \/>\n<meta property=\"og:locale\" content=\"fr_FR\" \/>\n<meta property=\"og:type\" content=\"article\" \/>\n<meta property=\"og:title\" content=\"Biographie - Enzo Heraud\" \/>\n<meta property=\"og:description\" content=\"Biographie Enzo Heraud est un artiste peintre, n\u00e9 en 2000 \u00e0 Bordeaux. Il s\u2019int\u00e9resse tr\u00e8s jeune aux arts visuels par [&hellip;]\" \/>\n<meta property=\"og:url\" content=\"https:\/\/enzoheraud.fr\/index.php\/biographie\/\" \/>\n<meta property=\"og:site_name\" content=\"Enzo Heraud\" \/>\n<meta property=\"article:modified_time\" content=\"2025-12-03T17:22:19+00:00\" \/>\n<meta property=\"og:image\" content=\"http:\/\/enzoheraud.fr\/wp-content\/uploads\/2025\/12\/IMG_2350-740x1024.jpeg\" \/>\n<meta name=\"twitter:card\" content=\"summary_large_image\" \/>\n<meta name=\"twitter:label1\" content=\"Dur\u00e9e de lecture estim\u00e9e\" \/>\n\t<meta name=\"twitter:data1\" content=\"1 minute\" \/>\n<script type=\"application\/ld+json\" class=\"yoast-schema-graph\">{\"@context\":\"https:\/\/schema.org\",\"@graph\":[{\"@type\":\"WebPage\",\"@id\":\"https:\/\/enzoheraud.fr\/index.php\/biographie\/\",\"url\":\"https:\/\/enzoheraud.fr\/index.php\/biographie\/\",\"name\":\"Biographie - Enzo Heraud\",\"isPartOf\":{\"@id\":\"https:\/\/enzoheraud.fr\/#website\"},\"primaryImageOfPage\":{\"@id\":\"https:\/\/enzoheraud.fr\/index.php\/biographie\/#primaryimage\"},\"image\":{\"@id\":\"https:\/\/enzoheraud.fr\/index.php\/biographie\/#primaryimage\"},\"thumbnailUrl\":\"http:\/\/enzoheraud.fr\/wp-content\/uploads\/2025\/12\/IMG_2350-740x1024.jpeg\",\"datePublished\":\"2025-12-03T15:18:50+00:00\",\"dateModified\":\"2025-12-03T17:22:19+00:00\",\"breadcrumb\":{\"@id\":\"https:\/\/enzoheraud.fr\/index.php\/biographie\/#breadcrumb\"},\"inLanguage\":\"fr-FR\",\"potentialAction\":[{\"@type\":\"ReadAction\",\"target\":[\"https:\/\/enzoheraud.fr\/index.php\/biographie\/\"]}]},{\"@type\":\"ImageObject\",\"inLanguage\":\"fr-FR\",\"@id\":\"https:\/\/enzoheraud.fr\/index.php\/biographie\/#primaryimage\",\"url\":\"https:\/\/enzoheraud.fr\/wp-content\/uploads\/2025\/12\/IMG_2350-scaled.jpeg\",\"contentUrl\":\"https:\/\/enzoheraud.fr\/wp-content\/uploads\/2025\/12\/IMG_2350-scaled.jpeg\",\"width\":1849,\"height\":2560},{\"@type\":\"BreadcrumbList\",\"@id\":\"https:\/\/enzoheraud.fr\/index.php\/biographie\/#breadcrumb\",\"itemListElement\":[{\"@type\":\"ListItem\",\"position\":1,\"name\":\"Accueil\",\"item\":\"https:\/\/enzoheraud.fr\/\"},{\"@type\":\"ListItem\",\"position\":2,\"name\":\"Biographie\"}]},{\"@type\":\"WebSite\",\"@id\":\"https:\/\/enzoheraud.fr\/#website\",\"url\":\"https:\/\/enzoheraud.fr\/\",\"name\":\"Enzo Heraud\",\"description\":\"Artiste Peintre Bordelais\",\"publisher\":{\"@id\":\"https:\/\/enzoheraud.fr\/#organization\"},\"potentialAction\":[{\"@type\":\"SearchAction\",\"target\":{\"@type\":\"EntryPoint\",\"urlTemplate\":\"https:\/\/enzoheraud.fr\/?s={search_term_string}\"},\"query-input\":{\"@type\":\"PropertyValueSpecification\",\"valueRequired\":true,\"valueName\":\"search_term_string\"}}],\"inLanguage\":\"fr-FR\"},{\"@type\":\"Organization\",\"@id\":\"https:\/\/enzoheraud.fr\/#organization\",\"name\":\"Enzo Heraud\",\"url\":\"https:\/\/enzoheraud.fr\/\",\"logo\":{\"@type\":\"ImageObject\",\"inLanguage\":\"fr-FR\",\"@id\":\"https:\/\/enzoheraud.fr\/#\/schema\/logo\/image\/\",\"url\":\"https:\/\/enzoheraud.fr\/wp-content\/uploads\/2025\/12\/cropped-cropped-2-1.png\",\"contentUrl\":\"https:\/\/enzoheraud.fr\/wp-content\/uploads\/2025\/12\/cropped-cropped-2-1.png\",\"width\":500,\"height\":416,\"caption\":\"Enzo Heraud\"},\"image\":{\"@id\":\"https:\/\/enzoheraud.fr\/#\/schema\/logo\/image\/\"}}]}<\/script>\n<!-- \/ Yoast SEO plugin. -->","yoast_head_json":{"title":"Biographie - Enzo Heraud","robots":{"index":"index","follow":"follow","max-snippet":"max-snippet:-1","max-image-preview":"max-image-preview:large","max-video-preview":"max-video-preview:-1"},"canonical":"https:\/\/enzoheraud.fr\/index.php\/biographie\/","og_locale":"fr_FR","og_type":"article","og_title":"Biographie - Enzo Heraud","og_description":"Biographie Enzo Heraud est un artiste peintre, n\u00e9 en 2000 \u00e0 Bordeaux. Il s\u2019int\u00e9resse tr\u00e8s jeune aux arts visuels par [&hellip;]","og_url":"https:\/\/enzoheraud.fr\/index.php\/biographie\/","og_site_name":"Enzo Heraud","article_modified_time":"2025-12-03T17:22:19+00:00","og_image":[{"url":"http:\/\/enzoheraud.fr\/wp-content\/uploads\/2025\/12\/IMG_2350-740x1024.jpeg","type":"","width":"","height":""}],"twitter_card":"summary_large_image","twitter_misc":{"Dur\u00e9e de lecture estim\u00e9e":"1 minute"},"schema":{"@context":"https:\/\/schema.org","@graph":[{"@type":"WebPage","@id":"https:\/\/enzoheraud.fr\/index.php\/biographie\/","url":"https:\/\/enzoheraud.fr\/index.php\/biographie\/","name":"Biographie - Enzo Heraud","isPartOf":{"@id":"https:\/\/enzoheraud.fr\/#website"},"primaryImageOfPage":{"@id":"https:\/\/enzoheraud.fr\/index.php\/biographie\/#primaryimage"},"image":{"@id":"https:\/\/enzoheraud.fr\/index.php\/biographie\/#primaryimage"},"thumbnailUrl":"http:\/\/enzoheraud.fr\/wp-content\/uploads\/2025\/12\/IMG_2350-740x1024.jpeg","datePublished":"2025-12-03T15:18:50+00:00","dateModified":"2025-12-03T17:22:19+00:00","breadcrumb":{"@id":"https:\/\/enzoheraud.fr\/index.php\/biographie\/#breadcrumb"},"inLanguage":"fr-FR","potentialAction":[{"@type":"ReadAction","target":["https:\/\/enzoheraud.fr\/index.php\/biographie\/"]}]},{"@type":"ImageObject","inLanguage":"fr-FR","@id":"https:\/\/enzoheraud.fr\/index.php\/biographie\/#primaryimage","url":"https:\/\/enzoheraud.fr\/wp-content\/uploads\/2025\/12\/IMG_2350-scaled.jpeg","contentUrl":"https:\/\/enzoheraud.fr\/wp-content\/uploads\/2025\/12\/IMG_2350-scaled.jpeg","width":1849,"height":2560},{"@type":"BreadcrumbList","@id":"https:\/\/enzoheraud.fr\/index.php\/biographie\/#breadcrumb","itemListElement":[{"@type":"ListItem","position":1,"name":"Accueil","item":"https:\/\/enzoheraud.fr\/"},{"@type":"ListItem","position":2,"name":"Biographie"}]},{"@type":"WebSite","@id":"https:\/\/enzoheraud.fr\/#website","url":"https:\/\/enzoheraud.fr\/","name":"Enzo Heraud","description":"Artiste Peintre Bordelais","publisher":{"@id":"https:\/\/enzoheraud.fr\/#organization"},"potentialAction":[{"@type":"SearchAction","target":{"@type":"EntryPoint","urlTemplate":"https:\/\/enzoheraud.fr\/?s={search_term_string}"},"query-input":{"@type":"PropertyValueSpecification","valueRequired":true,"valueName":"search_term_string"}}],"inLanguage":"fr-FR"},{"@type":"Organization","@id":"https:\/\/enzoheraud.fr\/#organization","name":"Enzo Heraud","url":"https:\/\/enzoheraud.fr\/","logo":{"@type":"ImageObject","inLanguage":"fr-FR","@id":"https:\/\/enzoheraud.fr\/#\/schema\/logo\/image\/","url":"https:\/\/enzoheraud.fr\/wp-content\/uploads\/2025\/12\/cropped-cropped-2-1.png","contentUrl":"https:\/\/enzoheraud.fr\/wp-content\/uploads\/2025\/12\/cropped-cropped-2-1.png","width":500,"height":416,"caption":"Enzo Heraud"},"image":{"@id":"https:\/\/enzoheraud.fr\/#\/schema\/logo\/image\/"}}]}},"_links":{"self":[{"href":"https:\/\/enzoheraud.fr\/index.php\/wp-json\/wp\/v2\/pages\/171","targetHints":{"allow":["GET"]}}],"collection":[{"href":"https:\/\/enzoheraud.fr\/index.php\/wp-json\/wp\/v2\/pages"}],"about":[{"href":"https:\/\/enzoheraud.fr\/index.php\/wp-json\/wp\/v2\/types\/page"}],"author":[{"embeddable":true,"href":"https:\/\/enzoheraud.fr\/index.php\/wp-json\/wp\/v2\/users\/1"}],"replies":[{"embeddable":true,"href":"https:\/\/enzoheraud.fr\/index.php\/wp-json\/wp\/v2\/comments?post=171"}],"version-history":[{"count":5,"href":"https:\/\/enzoheraud.fr\/index.php\/wp-json\/wp\/v2\/pages\/171\/revisions"}],"predecessor-version":[{"id":201,"href":"https:\/\/enzoheraud.fr\/index.php\/wp-json\/wp\/v2\/pages\/171\/revisions\/201"}],"wp:attachment":[{"href":"https:\/\/enzoheraud.fr\/index.php\/wp-json\/wp\/v2\/media?parent=171"}],"curies":[{"name":"wp","href":"https:\/\/api.w.org\/{rel}","templated":true}]}}