{"id":7,"date":"2025-12-02T20:21:20","date_gmt":"2025-12-02T20:21:20","guid":{"rendered":"https:\/\/enzoheraud.fr\/?page_id=7"},"modified":"2025-12-03T20:43:04","modified_gmt":"2025-12-03T20:43:04","slug":"home","status":"publish","type":"page","link":"https:\/\/enzoheraud.fr\/","title":{"rendered":"Home"},"content":{"rendered":"\n<div class=\"wp-block-cover alignfull has-parallax\" style=\"min-height:800px;aspect-ratio:unset;\"><div class=\"wp-block-cover__image-background wp-image-81 size-full has-parallax\" style=\"background-position:50% 50%;background-image:url(https:\/\/enzoheraud.fr\/wp-content\/uploads\/2025\/12\/DDGT1380.jpg)\"><\/div><span aria-hidden=\"true\" class=\"wp-block-cover__background has-background-dim-20 has-background-dim\" style=\"background-color:#0b0d21\"><\/span><div class=\"wp-block-cover__inner-container is-layout-flow wp-block-cover-is-layout-flow\">\n<div style=\"height:100px\" aria-hidden=\"true\" class=\"wp-block-spacer\"><\/div>\n\n\n\n<div class=\"wp-block-columns alignwide is-layout-flex wp-container-core-columns-is-layout-28f84493 wp-block-columns-is-layout-flex\">\n<div class=\"wp-block-column is-layout-flow wp-block-column-is-layout-flow\" style=\"flex-basis:55%\">\n<div style=\"height:330px\" aria-hidden=\"true\" class=\"wp-block-spacer\"><\/div>\n\n\n\n<p class=\"has-ast-global-color-8-color has-text-color\" style=\"font-size:12px;line-height:1.3\"><em><a href=\"https:\/\/esad-talm.fr\/fr\/2024\/dnsep-art\/enzo-heraud\"><strong><mark style=\"background-color:rgba(0, 0, 0, 0)\" class=\"has-inline-color has-ast-global-color-0-color\">\u00ab\u00a0Dipl\u00f4m\u00e9 des Beaux-Arts de Tours, <\/mark><\/strong><\/a>Enzo s\u2019ancre dans une figuration assum\u00e9e, o\u00f9 la repr\u00e9sentation du r\u00e9el est au c\u0153ur de sa pratique.<br>Mais cette fid\u00e9lit\u00e9 apparente n\u2019exclut ni la sensibilit\u00e9 ni l\u2019exploration.<br>Artisan de l\u2019image et de la mati\u00e8re, il exp\u00e9rimente dans un cadre d\u00e9limit\u00e9 par la surface, en jouant les r\u00e8gles du dessin et de la peinture.<br>Peut-\u00eatre pour mieux les transgresser.\u00a0\u00bb<\/em><\/p>\n<\/div>\n\n\n\n<div class=\"wp-block-column is-layout-flow wp-block-column-is-layout-flow\"><\/div>\n<\/div>\n<\/div><\/div>\n","protected":false},"excerpt":{"rendered":"","protected":false},"author":1,"featured_media":0,"parent":0,"menu_order":0,"comment_status":"closed","ping_status":"closed","template":"","meta":{"site-sidebar-layout":"no-sidebar","site-content-layout":"plain-container","ast-site-content-layout":"default","site-content-style":"default","site-sidebar-style":"default","ast-global-header-display":"","ast-banner-title-visibility":"","ast-main-header-display":"","ast-hfb-above-header-display":"","ast-hfb-below-header-display":"","ast-hfb-mobile-header-display":"","site-post-title":"disabled","ast-breadcrumbs-content":"","ast-featured-img":"","footer-sml-layout":"","ast-disable-related-posts":"","theme-transparent-header-meta":"enabled","adv-header-id-meta":"","stick-header-meta":"","header-above-stick-meta":"","header-main-stick-meta":"","header-below-stick-meta":"","astra-migrate-meta-layouts":"default","ast-page-background-enabled":"default","ast-page-background-meta":{"desktop":{"background-color":"var(--ast-global-color-5)","background-image":"","background-repeat":"repeat","background-position":"center center","background-size":"auto","background-attachment":"scroll","background-type":"","background-media":"","overlay-type":"","overlay-color":"","overlay-opacity":"","overlay-gradient":""},"tablet":{"background-color":"","background-image":"","background-repeat":"repeat","background-position":"center center","background-size":"auto","background-attachment":"scroll","background-type":"","background-media":"","overlay-type":"","overlay-color":"","overlay-opacity":"","overlay-gradient":""},"mobile":{"background-color":"","background-image":"","background-repeat":"repeat","background-position":"center center","background-size":"auto","background-attachment":"scroll","background-type":"","background-media":"","overlay-type":"","overlay-color":"","overlay-opacity":"","overlay-gradient":""}},"ast-content-background-meta":{"desktop":{"background-color":"var(--ast-global-color-4)","background-image":"","background-repeat":"repeat","background-position":"center center","background-size":"auto","background-attachment":"scroll","background-type":"","background-media":"","overlay-type":"","overlay-color":"","overlay-opacity":"","overlay-gradient":""},"tablet":{"background-color":"var(--ast-global-color-4)","background-image":"","background-repeat":"repeat","background-position":"center center","background-size":"auto","background-attachment":"scroll","background-type":"","background-media":"","overlay-type":"","overlay-color":"","overlay-opacity":"","overlay-gradient":""},"mobile":{"background-color":"var(--ast-global-color-4)","background-image":"","background-repeat":"repeat","background-position":"center center","background-size":"auto","background-attachment":"scroll","background-type":"","background-media":"","overlay-type":"","overlay-color":"","overlay-opacity":"","overlay-gradient":""}},"_vp_format_video_url":"","_vp_image_focal_point":[],"footnotes":""},"class_list":["post-7","page","type-page","status-publish","hentry"],"yoast_head":"<!-- This site is optimized with the Yoast SEO plugin v27.0 - https:\/\/yoast.com\/product\/yoast-seo-wordpress\/ -->\n<title>Home - Enzo Heraud<\/title>\n<meta name=\"robots\" content=\"index, follow, max-snippet:-1, max-image-preview:large, max-video-preview:-1\" \/>\n<link rel=\"canonical\" href=\"https:\/\/enzoheraud.fr\/\" \/>\n<meta property=\"og:locale\" content=\"fr_FR\" \/>\n<meta property=\"og:type\" content=\"article\" \/>\n<meta property=\"og:title\" content=\"Home - Enzo Heraud\" \/>\n<meta property=\"og:url\" content=\"https:\/\/enzoheraud.fr\/\" \/>\n<meta property=\"og:site_name\" content=\"Enzo Heraud\" \/>\n<meta property=\"article:modified_time\" content=\"2025-12-03T20:43:04+00:00\" \/>\n<meta name=\"twitter:card\" content=\"summary_large_image\" \/>\n<script type=\"application\/ld+json\" class=\"yoast-schema-graph\">{\"@context\":\"https:\/\/schema.org\",\"@graph\":[{\"@type\":\"WebPage\",\"@id\":\"https:\/\/enzoheraud.fr\/\",\"url\":\"https:\/\/enzoheraud.fr\/\",\"name\":\"Home - Enzo Heraud\",\"isPartOf\":{\"@id\":\"https:\/\/enzoheraud.fr\/#website\"},\"datePublished\":\"2025-12-02T20:21:20+00:00\",\"dateModified\":\"2025-12-03T20:43:04+00:00\",\"breadcrumb\":{\"@id\":\"https:\/\/enzoheraud.fr\/#breadcrumb\"},\"inLanguage\":\"fr-FR\",\"potentialAction\":[{\"@type\":\"ReadAction\",\"target\":[\"https:\/\/enzoheraud.fr\/\"]}]},{\"@type\":\"BreadcrumbList\",\"@id\":\"https:\/\/enzoheraud.fr\/#breadcrumb\",\"itemListElement\":[{\"@type\":\"ListItem\",\"position\":1,\"name\":\"Accueil\",\"item\":\"https:\/\/enzoheraud.fr\/\"},{\"@type\":\"ListItem\",\"position\":2,\"name\":\"Home\"}]},{\"@type\":\"WebSite\",\"@id\":\"https:\/\/enzoheraud.fr\/#website\",\"url\":\"https:\/\/enzoheraud.fr\/\",\"name\":\"Enzo Heraud\",\"description\":\"Artiste Peintre Bordelais\",\"publisher\":{\"@id\":\"https:\/\/enzoheraud.fr\/#organization\"},\"potentialAction\":[{\"@type\":\"SearchAction\",\"target\":{\"@type\":\"EntryPoint\",\"urlTemplate\":\"https:\/\/enzoheraud.fr\/?s={search_term_string}\"},\"query-input\":{\"@type\":\"PropertyValueSpecification\",\"valueRequired\":true,\"valueName\":\"search_term_string\"}}],\"inLanguage\":\"fr-FR\"},{\"@type\":\"Organization\",\"@id\":\"https:\/\/enzoheraud.fr\/#organization\",\"name\":\"Enzo Heraud\",\"url\":\"https:\/\/enzoheraud.fr\/\",\"logo\":{\"@type\":\"ImageObject\",\"inLanguage\":\"fr-FR\",\"@id\":\"https:\/\/enzoheraud.fr\/#\/schema\/logo\/image\/\",\"url\":\"https:\/\/enzoheraud.fr\/wp-content\/uploads\/2025\/12\/cropped-cropped-2-1.png\",\"contentUrl\":\"https:\/\/enzoheraud.fr\/wp-content\/uploads\/2025\/12\/cropped-cropped-2-1.png\",\"width\":500,\"height\":416,\"caption\":\"Enzo Heraud\"},\"image\":{\"@id\":\"https:\/\/enzoheraud.fr\/#\/schema\/logo\/image\/\"}}]}<\/script>\n<!-- \/ Yoast SEO plugin. -->","yoast_head_json":{"title":"Home - Enzo Heraud","robots":{"index":"index","follow":"follow","max-snippet":"max-snippet:-1","max-image-preview":"max-image-preview:large","max-video-preview":"max-video-preview:-1"},"canonical":"https:\/\/enzoheraud.fr\/","og_locale":"fr_FR","og_type":"article","og_title":"Home - Enzo Heraud","og_url":"https:\/\/enzoheraud.fr\/","og_site_name":"Enzo Heraud","article_modified_time":"2025-12-03T20:43:04+00:00","twitter_card":"summary_large_image","schema":{"@context":"https:\/\/schema.org","@graph":[{"@type":"WebPage","@id":"https:\/\/enzoheraud.fr\/","url":"https:\/\/enzoheraud.fr\/","name":"Home - Enzo Heraud","isPartOf":{"@id":"https:\/\/enzoheraud.fr\/#website"},"datePublished":"2025-12-02T20:21:20+00:00","dateModified":"2025-12-03T20:43:04+00:00","breadcrumb":{"@id":"https:\/\/enzoheraud.fr\/#breadcrumb"},"inLanguage":"fr-FR","potentialAction":[{"@type":"ReadAction","target":["https:\/\/enzoheraud.fr\/"]}]},{"@type":"BreadcrumbList","@id":"https:\/\/enzoheraud.fr\/#breadcrumb","itemListElement":[{"@type":"ListItem","position":1,"name":"Accueil","item":"https:\/\/enzoheraud.fr\/"},{"@type":"ListItem","position":2,"name":"Home"}]},{"@type":"WebSite","@id":"https:\/\/enzoheraud.fr\/#website","url":"https:\/\/enzoheraud.fr\/","name":"Enzo Heraud","description":"Artiste Peintre Bordelais","publisher":{"@id":"https:\/\/enzoheraud.fr\/#organization"},"potentialAction":[{"@type":"SearchAction","target":{"@type":"EntryPoint","urlTemplate":"https:\/\/enzoheraud.fr\/?s={search_term_string}"},"query-input":{"@type":"PropertyValueSpecification","valueRequired":true,"valueName":"search_term_string"}}],"inLanguage":"fr-FR"},{"@type":"Organization","@id":"https:\/\/enzoheraud.fr\/#organization","name":"Enzo Heraud","url":"https:\/\/enzoheraud.fr\/","logo":{"@type":"ImageObject","inLanguage":"fr-FR","@id":"https:\/\/enzoheraud.fr\/#\/schema\/logo\/image\/","url":"https:\/\/enzoheraud.fr\/wp-content\/uploads\/2025\/12\/cropped-cropped-2-1.png","contentUrl":"https:\/\/enzoheraud.fr\/wp-content\/uploads\/2025\/12\/cropped-cropped-2-1.png","width":500,"height":416,"caption":"Enzo Heraud"},"image":{"@id":"https:\/\/enzoheraud.fr\/#\/schema\/logo\/image\/"}}]}},"_links":{"self":[{"href":"https:\/\/enzoheraud.fr\/index.php\/wp-json\/wp\/v2\/pages\/7","targetHints":{"allow":["GET"]}}],"collection":[{"href":"https:\/\/enzoheraud.fr\/index.php\/wp-json\/wp\/v2\/pages"}],"about":[{"href":"https:\/\/enzoheraud.fr\/index.php\/wp-json\/wp\/v2\/types\/page"}],"author":[{"embeddable":true,"href":"https:\/\/enzoheraud.fr\/index.php\/wp-json\/wp\/v2\/users\/1"}],"replies":[{"embeddable":true,"href":"https:\/\/enzoheraud.fr\/index.php\/wp-json\/wp\/v2\/comments?post=7"}],"version-history":[{"count":10,"href":"https:\/\/enzoheraud.fr\/index.php\/wp-json\/wp\/v2\/pages\/7\/revisions"}],"predecessor-version":[{"id":237,"href":"https:\/\/enzoheraud.fr\/index.php\/wp-json\/wp\/v2\/pages\/7\/revisions\/237"}],"wp:attachment":[{"href":"https:\/\/enzoheraud.fr\/index.php\/wp-json\/wp\/v2\/media?parent=7"}],"curies":[{"name":"wp","href":"https:\/\/api.w.org\/{rel}","templated":true}]}}